{"id":24602,"date":"2021-03-09T12:21:58","date_gmt":"2021-03-09T11:21:58","guid":{"rendered":"https:\/\/searchby.app\/?page_id=24602"},"modified":"2025-06-10T21:14:50","modified_gmt":"2025-06-10T19:14:50","slug":"demo-searchby-trial","status":"publish","type":"page","link":"https:\/\/searchby.app\/en\/demo-searchby-trial\/","title":{"rendered":"Demo. Searchby Trial."},"content":{"rendered":"<p>[et_pb_section fb_built=&#8221;1&#8243; admin_label=&#8221;Contact&#8221; module_id=&#8221;kontakt&#8221; _builder_version=&#8221;4.16&#8243; background_color=&#8221;#091744&#8243; custom_padding=&#8221;12px||17px|||&#8221; collapsed=&#8221;on&#8221; global_colors_info=&#8221;{}&#8221;][et_pb_row column_structure=&#8221;1_2,1_2&#8243; module_id=&#8221;kontakt&#8221; _builder_version=&#8221;4.21.0&#8243; width=&#8221;81%&#8221; max_width=&#8221;1641px&#8221; collapsed=&#8221;off&#8221; global_colors_info=&#8221;{}&#8221;][et_pb_column type=&#8221;1_2&#8243; _builder_version=&#8221;4.16&#8243; custom_padding=&#8221;|||&#8221; global_colors_info=&#8221;{}&#8221; custom_padding__hover=&#8221;|||&#8221;][et_pb_contact_form email=&#8221;kontakt@searchby.app&#8221; custom_message=&#8221;Nazywam si\u0119: %%Imi\u0119%% %%Nazwisko%%||et_pb_line_break_holder||M\u00f3j adres e-mail to: %%Email%%||et_pb_line_break_holder||M\u00f3j telefon to: %%Telefon%%||et_pb_line_break_holder||Moja wiadomo\u015b\u0107 to: %%Message%%||et_pb_line_break_holder||Moja rola w organizacji to %%Rola%%&#8221; success_message=&#8221;Dzi\u0119kujemy za kontakt. Niezw\u0142ocznie odpiszemy.&#8221; submit_button_text=&#8221;Wy\u015blij&#8221; admin_label=&#8221;kontakt&#8221; _builder_version=&#8221;4.27.3&#8243; _unique_id=&#8221;c06e3219-b860-4fd8-808f-90e4e093591d&#8221; form_field_background_color=&#8221;rgba(255,255,255,0.06)&#8221; form_field_text_color=&#8221;#000000&#8243; title_font=&#8221;||||||||&#8221; title_font_size=&#8221;3px&#8221; captcha_text_color=&#8221;#FFFFFF&#8221; form_field_font=&#8221;Roboto||||||||&#8221; form_field_line_height=&#8221;2em&#8221; custom_button=&#8221;on&#8221; button_text_color=&#8221;#FFFFFF&#8221; button_icon=&#8221;&#x39;||divi||400&#8243; button_icon_placement=&#8221;left&#8221; button_on_hover=&#8221;off&#8221; button_letter_spacing_last_edited=&#8221;off|desktop&#8221; border_radii=&#8221;on|14px|14px|14px|14px&#8221; form_background_color=&#8221;rgba(255,255,255,0.06)&#8221; global_colors_info=&#8221;{}&#8221; button_letter_spacing__hover=&#8221;2px&#8221; button_letter_spacing__hover_enabled=&#8221;on&#8221;][et_pb_contact_field field_id=&#8221;Imi\u0119&#8221; field_title=&#8221;Imi\u0119&#8221; fullwidth_field=&#8221;on&#8221; _builder_version=&#8221;4.21.0&#8243; form_field_background_color=&#8221;#FFFFFF&#8221; form_field_text_color=&#8221;#000000&#8243; form_field_focus_background_color=&#8221;#FFFFFF&#8221; form_field_focus_text_color=&#8221;#000000&#8243; global_colors_info=&#8221;{}&#8221; button_text_size__hover_enabled=&#8221;off&#8221; button_one_text_size__hover_enabled=&#8221;off&#8221; button_two_text_size__hover_enabled=&#8221;off&#8221; button_text_color__hover_enabled=&#8221;off&#8221; button_one_text_color__hover_enabled=&#8221;off&#8221; button_two_text_color__hover_enabled=&#8221;off&#8221; button_border_width__hover_enabled=&#8221;off&#8221; button_one_border_width__hover_enabled=&#8221;off&#8221; button_two_border_width__hover_enabled=&#8221;off&#8221; button_border_color__hover_enabled=&#8221;off&#8221; button_one_border_color__hover_enabled=&#8221;off&#8221; button_two_border_color__hover_enabled=&#8221;off&#8221; button_border_radius__hover_enabled=&#8221;off&#8221; button_one_border_radius__hover_enabled=&#8221;off&#8221; button_two_border_radius__hover_enabled=&#8221;off&#8221; button_letter_spacing__hover_enabled=&#8221;off&#8221; button_one_letter_spacing__hover_enabled=&#8221;off&#8221; button_two_letter_spacing__hover_enabled=&#8221;off&#8221; button_bg_color__hover_enabled=&#8221;off&#8221; button_one_bg_color__hover_enabled=&#8221;off&#8221; button_two_bg_color__hover_enabled=&#8221;off&#8221;][\/et_pb_contact_field][et_pb_contact_field field_id=&#8221;Nazwisko&#8221; field_title=&#8221;Nazwisko&#8221; fullwidth_field=&#8221;on&#8221; _builder_version=&#8221;4.21.0&#8243; _module_preset=&#8221;default&#8221; form_field_background_color=&#8221;#FFFFFF&#8221; form_field_text_color=&#8221;#000000&#8243; form_field_focus_background_color=&#8221;#FFFFFF&#8221; form_field_focus_text_color=&#8221;#000000&#8243; global_colors_info=&#8221;{}&#8221;][\/et_pb_contact_field][et_pb_contact_field field_id=&#8221;Email&#8221; field_title=&#8221;Adres mailowy&#8221; field_type=&#8221;email&#8221; fullwidth_field=&#8221;on&#8221; _builder_version=&#8221;4.27.3&#8243; form_field_background_color=&#8221;#FFFFFF&#8221; form_field_text_color=&#8221;#000000&#8243; global_colors_info=&#8221;{}&#8221; button_text_size__hover_enabled=&#8221;off&#8221; button_one_text_size__hover_enabled=&#8221;off&#8221; button_two_text_size__hover_enabled=&#8221;off&#8221; button_text_color__hover_enabled=&#8221;off&#8221; button_one_text_color__hover_enabled=&#8221;off&#8221; button_two_text_color__hover_enabled=&#8221;off&#8221; button_border_width__hover_enabled=&#8221;off&#8221; button_one_border_width__hover_enabled=&#8221;off&#8221; button_two_border_width__hover_enabled=&#8221;off&#8221; button_border_color__hover_enabled=&#8221;off&#8221; button_one_border_color__hover_enabled=&#8221;off&#8221; button_two_border_color__hover_enabled=&#8221;off&#8221; button_border_radius__hover_enabled=&#8221;off&#8221; button_one_border_radius__hover_enabled=&#8221;off&#8221; button_two_border_radius__hover_enabled=&#8221;off&#8221; button_letter_spacing__hover_enabled=&#8221;off&#8221; button_one_letter_spacing__hover_enabled=&#8221;off&#8221; button_two_letter_spacing__hover_enabled=&#8221;off&#8221; button_bg_color__hover_enabled=&#8221;off&#8221; button_one_bg_color__hover_enabled=&#8221;off&#8221; button_two_bg_color__hover_enabled=&#8221;off&#8221;][\/et_pb_contact_field][et_pb_contact_field field_id=&#8221;Telefon&#8221; field_title=&#8221;Telefon&#8221; allowed_symbols=&#8221;numbers&#8221; fullwidth_field=&#8221;on&#8221; _builder_version=&#8221;4.21.0&#8243; form_field_background_color=&#8221;#FFFFFF&#8221; form_field_text_color=&#8221;#000000&#8243; global_colors_info=&#8221;{}&#8221; button_text_size__hover_enabled=&#8221;off&#8221; button_one_text_size__hover_enabled=&#8221;off&#8221; button_two_text_size__hover_enabled=&#8221;off&#8221; button_text_color__hover_enabled=&#8221;off&#8221; button_one_text_color__hover_enabled=&#8221;off&#8221; button_two_text_color__hover_enabled=&#8221;off&#8221; button_border_width__hover_enabled=&#8221;off&#8221; button_one_border_width__hover_enabled=&#8221;off&#8221; button_two_border_width__hover_enabled=&#8221;off&#8221; button_border_color__hover_enabled=&#8221;off&#8221; button_one_border_color__hover_enabled=&#8221;off&#8221; button_two_border_color__hover_enabled=&#8221;off&#8221; button_border_radius__hover_enabled=&#8221;off&#8221; button_one_border_radius__hover_enabled=&#8221;off&#8221; button_two_border_radius__hover_enabled=&#8221;off&#8221; button_letter_spacing__hover_enabled=&#8221;off&#8221; button_one_letter_spacing__hover_enabled=&#8221;off&#8221; button_two_letter_spacing__hover_enabled=&#8221;off&#8221; button_bg_color__hover_enabled=&#8221;off&#8221; button_one_bg_color__hover_enabled=&#8221;off&#8221; button_two_bg_color__hover_enabled=&#8221;off&#8221;][\/et_pb_contact_field][et_pb_contact_field field_id=&#8221;Message&#8221; field_title=&#8221;Wiadomo\u015b\u0107&#8221; field_type=&#8221;text&#8221; fullwidth_field=&#8221;on&#8221; _builder_version=&#8221;4.21.0&#8243; form_field_background_color=&#8221;#FFFFFF&#8221; form_field_text_color=&#8221;#000000&#8243; global_colors_info=&#8221;{}&#8221; button_text_size__hover_enabled=&#8221;off&#8221; button_one_text_size__hover_enabled=&#8221;off&#8221; button_two_text_size__hover_enabled=&#8221;off&#8221; button_text_color__hover_enabled=&#8221;off&#8221; button_one_text_color__hover_enabled=&#8221;off&#8221; button_two_text_color__hover_enabled=&#8221;off&#8221; button_border_width__hover_enabled=&#8221;off&#8221; button_one_border_width__hover_enabled=&#8221;off&#8221; button_two_border_width__hover_enabled=&#8221;off&#8221; button_border_color__hover_enabled=&#8221;off&#8221; button_one_border_color__hover_enabled=&#8221;off&#8221; button_two_border_color__hover_enabled=&#8221;off&#8221; button_border_radius__hover_enabled=&#8221;off&#8221; button_one_border_radius__hover_enabled=&#8221;off&#8221; button_two_border_radius__hover_enabled=&#8221;off&#8221; button_letter_spacing__hover_enabled=&#8221;off&#8221; button_one_letter_spacing__hover_enabled=&#8221;off&#8221; button_two_letter_spacing__hover_enabled=&#8221;off&#8221; button_bg_color__hover_enabled=&#8221;off&#8221; button_one_bg_color__hover_enabled=&#8221;off&#8221; button_two_bg_color__hover_enabled=&#8221;off&#8221;][\/et_pb_contact_field][\/et_pb_contact_form][\/et_pb_column][et_pb_column type=&#8221;1_2&#8243; _builder_version=&#8221;4.16&#8243; custom_padding=&#8221;|||&#8221; global_colors_info=&#8221;{}&#8221; custom_padding__hover=&#8221;|||&#8221;][et_pb_button button_text=&#8221;Testuj indywidualn\u0105 wersj\u0119 demonstracyjn\u0105*&#8221; _builder_version=&#8221;4.21.0&#8243; _module_preset=&#8221;94ef7aca-dcd9-4f9d-93b2-efa3466cebc7&#8243; custom_button=&#8221;on&#8221; button_text_color=&#8221;#FFFFFF&#8221; button_bg_color=&#8221;RGBA(0,0,0,0)&#8221; button_bg_use_color_gradient=&#8221;on&#8221; button_bg_color_gradient_direction=&#8221;90deg&#8221; button_bg_color_gradient_stops=&#8221;#db0eb7 50%|rgba(0,0,0,0) 50%&#8221; button_bg_color_gradient_start=&#8221;#db0eb7&#8243; button_bg_color_gradient_start_position=&#8221;50%&#8221; button_bg_color_gradient_end=&#8221;rgba(0,0,0,0)&#8221; button_bg_color_gradient_end_position=&#8221;50%&#8221; button_border_width=&#8221;0px&#8221; button_border_radius=&#8221;0px&#8221; button_letter_spacing=&#8221;1px&#8221; button_font=&#8221;Barlow Condensed|||on|||||&#8221; custom_padding=&#8221;16px||16px||true|false&#8221; animation_style=&#8221;fade&#8221; global_colors_info=&#8221;{}&#8221; button_bg_color__hover_enabled=&#8221;on|desktop&#8221; button_bg_color__hover=&#8221;#DB0EB7&#8243; button_bg_enable_color__hover=&#8221;on&#8221;][\/et_pb_button][et_pb_text _builder_version=&#8221;4.27.4&#8243; _module_preset=&#8221;default&#8221; hover_enabled=&#8221;0&#8243; global_colors_info=&#8221;{}&#8221; sticky_enabled=&#8221;0&#8243;]<\/p>\n<p style=\"text-align: justify;\"><span style=\"color: #ffffff;\"><strong>Przysz\u0142o\u015b\u0107 R&amp;D w kosmetyce zaczyna si\u0119 dzi\u015b.\u00a0<\/strong><\/span><\/p>\n<p style=\"text-align: justify;\"><span style=\"color: #ffffff;\"><strong>Przetestuj Searchby.app i przekonaj si\u0119, jak technologia mo\u017ce przyspieszy\u0107 innowacje, zapewni\u0107 zgodno\u015b\u0107 z regulacjami i wzmocni\u0107 Twoj\u0105 przewag\u0119 konkurencyjn\u0105 na rynku kosmetycznym.<\/strong><\/span><\/p>\n<p>[\/et_pb_text][et_pb_text _builder_version=&#8221;4.27.4&#8243; _module_preset=&#8221;default&#8221; hover_enabled=&#8221;0&#8243; global_colors_info=&#8221;{}&#8221; sticky_enabled=&#8221;0&#8243;]<\/p>\n<p class=\"my-0\" style=\"text-align: justify;\"><span style=\"color: #ffffff;\">Wykorzystuj potencja\u0142 AI do generowania podsumowa\u0144, odpowiadania na pytania i szybkiego przygotowywania dokumentacji na potrzeby audyt\u00f3w czy inspekcji.<\/span><\/p>\n<p>[\/et_pb_text][\/et_pb_column][\/et_pb_row][et_pb_row _builder_version=&#8221;4.27.4&#8243; _module_preset=&#8221;default&#8221; hover_enabled=&#8221;0&#8243; sticky_enabled=&#8221;0&#8243;][et_pb_column _builder_version=&#8221;4.27.4&#8243; _module_preset=&#8221;default&#8221; type=&#8221;4_4&#8243;][et_pb_heading title=&#8221;Jak wygl\u0105da testowanie w praktyce?&#8221; _builder_version=&#8221;4.27.4&#8243; _module_preset=&#8221;default&#8221; hover_enabled=&#8221;0&#8243; sticky_enabled=&#8221;0&#8243; title_text_color=&#8221;#FFFFFF&#8221;][\/et_pb_heading][\/et_pb_column][\/et_pb_row][et_pb_row _builder_version=&#8221;4.27.4&#8243; _module_preset=&#8221;default&#8221;][et_pb_column _builder_version=&#8221;4.27.4&#8243; _module_preset=&#8221;default&#8221; type=&#8221;4_4&#8243;][et_pb_text _builder_version=&#8221;4.27.4&#8243; _module_preset=&#8221;default&#8221; hover_enabled=&#8221;0&#8243; sticky_enabled=&#8221;0&#8243;]<\/p>\n<p><span style=\"color: #ffffff;\"><strong>Wyb\u00f3r dokument\u00f3w do analizy:<\/strong><\/span><br \/><span style=\"color: #ffffff;\"><\/span><\/p>\n<p><span style=\"color: #ffffff;\">W testach wykorzystuje si\u0119 typowe dla bran\u017cy kosmetycznej dokumenty, takie jak dossier surowcowe, wyniki bada\u0144, karty charakterystyki, certyfikaty jako\u015bci, dokumentacja GMP czy raporty oceny bezpiecze\u0144stwa.<span class=\"whitespace-nowrap\"><\/span><\/span><\/p>\n<p class=\"my-0\"><span style=\"color: #ffffff;\"><strong>Automatyczne wyodr\u0119bnianie danych:<\/strong><\/span><\/p>\n<p class=\"my-0\"><span style=\"color: #ffffff;\">Searchby.APP analizuje dokumenty, wyci\u0105gaj\u0105c kluczowe informacje: identyfikatory sk\u0142adnik\u00f3w (INCI, CAS, EC), zawarto\u015bci procentowe, statusy legislacyjne, obecno\u015b\u0107 substancji z \u201eblack list\u201d, zgodno\u015b\u0107 z normami ISO 16128 czy COSMOS oraz kalkulacje koszt\u00f3w recepturowych.<span class=\"whitespace-nowrap\"><\/span><\/span><\/p>\n<p class=\"my-0\"><span style=\"color: #ffffff;\"><strong>Weryfikacja skuteczno\u015bci i poprawno\u015bci:<\/strong><\/span><\/p>\n<p class=\"my-0\"><span style=\"color: #ffffff;\">Podczas test\u00f3w sprawdza si\u0119, jak skutecznie system rozpoznaje i klasyfikuje dane, generuje podsumowania, odpowiada na pytania dotycz\u0105ce tre\u015bci dokument\u00f3w oraz czy automatycznie alarmuje o przekroczeniach norm lub obecno\u015bci niedozwolonych sk\u0142adnik\u00f3w<span class=\"whitespace-nowrap\">.<\/span><\/span><\/p>\n<p class=\"my-0\"><span style=\"color: #ffffff;\"><strong>Ocena integracji z codzienn\u0105 prac\u0105:<\/strong><\/span><br \/><span style=\"color: #ffffff;\">Testowanie obejmuje tak\u017ce ocen\u0119, jak narz\u0119dzie wpisuje si\u0119 w istniej\u0105cy workflow \u2013 czy pozwala szybciej aktualizowa\u0107 dokumentacj\u0119, monitorowa\u0107 zmiany legislacyjne i automatycznie generowa\u0107 wymagane oznakowania oraz raporty<span class=\"whitespace-nowrap\">.<\/span><\/span><\/p>\n<p class=\"my-0\"><span style=\"color: #ffffff;\"><strong>Synergia cz\u0142owieka i AI:<\/strong><\/span><br \/><span style=\"color: #ffffff;\">Mimo wysokiego poziomu automatyzacji, testy pokazuj\u0105, \u017ce rola eksperta R&amp;D pozostaje kluczowa \u2013 AI wspiera analiz\u0119, ale to cz\u0142owiek podejmuje ostateczne decyzje i weryfikuje wyniki, minimalizuj\u0105c ryzyko b\u0142\u0119d\u00f3w.<\/span><\/p>\n<p>[\/et_pb_text][\/et_pb_column][\/et_pb_row][\/et_pb_section]<\/p>\n","protected":false},"excerpt":{"rendered":"<p>Przysz\u0142o\u015b\u0107 R&amp;D w kosmetyce zaczyna si\u0119 dzi\u015b.\u00a0 Przetestuj Searchby.app i przekonaj si\u0119, jak technologia mo\u017ce przyspieszy\u0107 innowacje, zapewni\u0107 zgodno\u015b\u0107 z regulacjami i wzmocni\u0107 Twoj\u0105 przewag\u0119 konkurencyjn\u0105 na rynku kosmetycznym.Wykorzystuj potencja\u0142 AI do generowania podsumowa\u0144, odpowiadania na pytania i szybkiego przygotowywania dokumentacji na potrzeby audyt\u00f3w czy inspekcji.Wyb\u00f3r dokument\u00f3w do analizy: W testach wykorzystuje si\u0119 typowe dla [&hellip;]<\/p>\n","protected":false},"author":1,"featured_media":0,"parent":0,"menu_order":0,"comment_status":"closed","ping_status":"closed","template":"","meta":{"_et_pb_use_builder":"on","_et_pb_old_content":"","_et_gb_content_width":"","om_disable_all_campaigns":false,"_monsterinsights_skip_tracking":false,"_monsterinsights_sitenote_active":false,"_monsterinsights_sitenote_note":"","_monsterinsights_sitenote_category":0,"_uf_show_specific_survey":0,"_uf_disable_surveys":false,"footnotes":""},"class_list":["post-24602","page","type-page","status-publish","hentry"],"_links":{"self":[{"href":"https:\/\/searchby.app\/en\/wp-json\/wp\/v2\/pages\/24602","targetHints":{"allow":["GET"]}}],"collection":[{"href":"https:\/\/searchby.app\/en\/wp-json\/wp\/v2\/pages"}],"about":[{"href":"https:\/\/searchby.app\/en\/wp-json\/wp\/v2\/types\/page"}],"author":[{"embeddable":true,"href":"https:\/\/searchby.app\/en\/wp-json\/wp\/v2\/users\/1"}],"replies":[{"embeddable":true,"href":"https:\/\/searchby.app\/en\/wp-json\/wp\/v2\/comments?post=24602"}],"version-history":[{"count":66,"href":"https:\/\/searchby.app\/en\/wp-json\/wp\/v2\/pages\/24602\/revisions"}],"predecessor-version":[{"id":26240,"href":"https:\/\/searchby.app\/en\/wp-json\/wp\/v2\/pages\/24602\/revisions\/26240"}],"wp:attachment":[{"href":"https:\/\/searchby.app\/en\/wp-json\/wp\/v2\/media?parent=24602"}],"curies":[{"name":"wp","href":"https:\/\/api.w.org\/{rel}","templated":true}]}}